{"id":2606,"date":"2019-06-12T15:44:39","date_gmt":"2019-06-12T13:44:39","guid":{"rendered":"https:\/\/www.buzoni.net\/?page_id=2606"},"modified":"2019-06-12T15:44:39","modified_gmt":"2019-06-12T13:44:39","slug":"dodatki-za-les-in-kompozit","status":"publish","type":"page","link":"https:\/\/www.buzoni.net\/sr\/proizvodi\/dodatki-za-les-in-kompozit\/","title":{"rendered":"Dodatki za les in kompozit"},"content":{"rendered":"<div class=\"wpb-content-wrapper\">[vc_row gap=&#8221;25&#8243; css=&#8221;.vc_custom_1550566804963{padding-top: 7vh !important;padding-bottom: 4vh !important;}&#8221;][vc_column width=&#8221;1\/2&#8243;]<div id=\"cz_92611\" class=\"cz_92611 cz_title clr cz_title_pos_block\"><div class=\"cz_title_content\"><div class=\"cz_wpe_content\"><h3>Dodatki za les in kompozit<\/h3>\n<div class=\"x-raw-content product-sub-title\"><\/div>\n<div>Buzon BRS podkonstrukcija za lesene in kompozitne elemente omogo\u010da trajnej\u0161o podkonstrukcijo in hitrej\u0161o izvedbo.<\/div>\n<\/div><\/div><\/div><div class=\"cz_gap clr \" style=\"height: 25px\"><\/div><div id=\"cz_69789\" class=\"cz_69789 cz_title clr cz_title_pos_inline\"><div class=\"cz_title_content\"><div class=\"cz_wpe_content\"><div class=\"column\">\n<div class=\"layoutArea\">\n<div class=\"column\">\n<p>&nbsp;<\/p>\n<\/div>\n<\/div>\n<\/div>\n<\/div><\/div><\/div><div class=\"cz_gap clr \" style=\"height: 25px\"><\/div>[\/vc_column][vc_column width=&#8221;1\/2&#8243;]<div class=\"cz_btn_center\"><div class=\"cz_76457_p\"><a id=\"cz_76457\" class=\"cz_76457 cz_btn cz_btn_txt_no_fx cz_btn_zoom_in\" href=\"https:\/\/www.buzoni.net\/wp-content\/uploads\/2019\/05\/0-AIP-PB-Wood-Complet.pdf\" target=\"_blank\"><span><i class=\"fa fa-cloud-download\"><\/i><strong>Prenesi PDF letak<\/strong><\/span><b class=\"cz_btn_onhover\"><i class=\"fa fa-cloud-download\"><\/i><strong>Prenesi PDF letak<\/strong><\/b><\/a><\/div><\/div><div class=\"cz_gap clr \" style=\"height: 25px\"><\/div><a href=\"https:\/\/www.buzoni.net\/wp-content\/uploads\/2019\/05\/UBRS-18-MMM.png\" data-xtra-lightbox><div id=\"cz_87821\" data-position=\"top-right\" class=\"cz_87821 cz_image clr cz_image_no_fx center_on_mobile\"><div class=\"\" ><div class=\"cz_image_in\"><div class=\"cz_main_image\"><img fetchpriority=\"high\" loading=\"eager\" decoding=\"sync\" data-no-lazy=\"1\" width=\"1476\" height=\"982\" src=\"https:\/\/www.buzoni.net\/wp-content\/uploads\/2019\/05\/UBRS-18-MMM.png\" class=\"attachment-full\" alt=\"UBRS 18 MMM\" title=\"UBRS-18-MMM\" srcset=\"https:\/\/www.buzoni.net\/wp-content\/uploads\/2019\/05\/UBRS-18-MMM.png 1476w, https:\/\/www.buzoni.net\/wp-content\/uploads\/2019\/05\/UBRS-18-MMM-300x200.png 300w, https:\/\/www.buzoni.net\/wp-content\/uploads\/2019\/05\/UBRS-18-MMM-768x511.png 768w, https:\/\/www.buzoni.net\/wp-content\/uploads\/2019\/05\/UBRS-18-MMM-1024x681.png 1024w, https:\/\/www.buzoni.net\/wp-content\/uploads\/2019\/05\/UBRS-18-MMM-600x399.png 600w\" sizes=\"(max-width: 1476px) 100vw, 1476px\"  \/><\/div><\/div><\/div><\/div><\/a><div class=\"cz_gap clr \" style=\"height: 25px\"><\/div>[\/vc_column][\/vc_row][vc_row disable_element=&#8221;yes&#8221;][vc_column]<div class=\"cz_gap clr \" style=\"height: 15px\"><\/div>[\/vc_column][\/vc_row][vc_row full_width=&#8221;stretch_row&#8221; gap=&#8221;15&#8243; equal_height=&#8221;yes&#8221; css=&#8221;.vc_custom_1557742767123{padding-top: 3vh !important;padding-bottom: 3vh !important;background-color: #f9f9f9 !important;}&#8221;][vc_column width=&#8221;1\/3&#8243;]<div id=\"cz_23093\" class=\"cz_23093 cz_title clr cz_title_pos_inline\"><div class=\"cz_title_content\"><div class=\"cz_wpe_content\"><h3>PB-KIT 5<\/h3>\n<\/div><\/div><\/div>[\/vc_column][vc_column width=&#8221;1\/3&#8243;]<div id=\"cz_91736\" class=\"cz_91736 cz_title clr cz_title_pos_inline\"><div class=\"cz_title_content\"><div class=\"cz_wpe_content\"><p>Nastavek KIT-5 omogo\u010da stransko pritrjevanje debelej\u0161e podkonstrukcije.<\/p>\n<\/div><\/div><\/div>[\/vc_column][vc_column width=&#8221;1\/3&#8243;]<a href=\"https:\/\/www.buzoni.net\/wp-content\/uploads\/2019\/05\/PB_KIT5_B.png\" data-xtra-lightbox><div id=\"cz_30562\" data-position=\"top-right\" class=\"cz_30562 cz_image clr cz_image_no_fx center_on_mobile\"><div class=\"\" ><div class=\"cz_image_in\"><div class=\"cz_main_image\"><img decoding=\"async\" width=\"1600\" height=\"1583\" src=\"https:\/\/www.buzoni.net\/wp-content\/uploads\/2019\/05\/PB_KIT5_B.png\" class=\"attachment-full\" alt=\"PB KIT5 B\" title=\"PB_KIT5_B\" srcset=\"https:\/\/www.buzoni.net\/wp-content\/uploads\/2019\/05\/PB_KIT5_B.png 1600w, https:\/\/www.buzoni.net\/wp-content\/uploads\/2019\/05\/PB_KIT5_B-300x297.png 300w, https:\/\/www.buzoni.net\/wp-content\/uploads\/2019\/05\/PB_KIT5_B-768x760.png 768w, https:\/\/www.buzoni.net\/wp-content\/uploads\/2019\/05\/PB_KIT5_B-1024x1013.png 1024w, https:\/\/www.buzoni.net\/wp-content\/uploads\/2019\/05\/PB_KIT5_B-600x594.png 600w\" sizes=\"auto, (max-width: 1600px) 100vw, 1600px\" loading=\"lazy\" \/><\/div><\/div><\/div><\/div><\/a><div id=\"cz_44738\" class=\"cz_44738 cz_video_popup clr cz_video_popup_c\"><div><div class=\"cz_vp_c\"><a href=\"https:\/\/www.youtube.com\/watch?v=6BRwp1in9wM\"><img decoding=\"async\" loading=\"lazy\" src=\"https:\/\/img.youtube.com\/vi\/6BRwp1in9wM\/sddefault.jpg\" class=\"\" width=\"500\" height=\"500\" alt=\"image\" \/><div class=\"cz_vp_inner\"><span><i class=\"fa fa-play\"><\/i><\/span><\/div><\/a><\/div><\/div><\/div>[\/vc_column][\/vc_row][vc_row full_width=&#8221;stretch_row&#8221; gap=&#8221;15&#8243; equal_height=&#8221;yes&#8221; css=&#8221;.vc_custom_1557742767123{padding-top: 3vh !important;padding-bottom: 3vh !important;background-color: #f9f9f9 !important;}&#8221;][vc_column width=&#8221;1\/3&#8243;]<div id=\"cz_65283\" class=\"cz_65283 cz_title clr cz_title_pos_inline\"><div class=\"cz_title_content\"><div class=\"cz_wpe_content\"><h3>PB-FASTNER<\/h3>\n<\/div><\/div><\/div>[\/vc_column][vc_column width=&#8221;1\/3&#8243;]<div id=\"cz_105340\" class=\"cz_105340 cz_title clr cz_title_pos_inline\"><div class=\"cz_title_content\"><div class=\"cz_wpe_content\"><p>Element za pritrjevanje lesenih plo\u0161\u010d.<\/p>\n<\/div><\/div><\/div>[\/vc_column][vc_column width=&#8221;1\/3&#8243;]<a href=\"https:\/\/www.buzoni.net\/wp-content\/uploads\/2019\/05\/PB_FASTENER.png\" data-xtra-lightbox><div id=\"cz_93921\" data-position=\"top-right\" class=\"cz_93921 cz_image clr cz_image_no_fx center_on_mobile\"><div class=\"\" ><div class=\"cz_image_in\"><div class=\"cz_main_image\"><img decoding=\"async\" width=\"1354\" height=\"1600\" src=\"https:\/\/www.buzoni.net\/wp-content\/uploads\/2019\/05\/PB_FASTENER.png\" class=\"attachment-full\" alt=\"PB FASTENER\" title=\"PB_FASTENER\" srcset=\"https:\/\/www.buzoni.net\/wp-content\/uploads\/2019\/05\/PB_FASTENER.png 1354w, https:\/\/www.buzoni.net\/wp-content\/uploads\/2019\/05\/PB_FASTENER-254x300.png 254w, https:\/\/www.buzoni.net\/wp-content\/uploads\/2019\/05\/PB_FASTENER-768x908.png 768w, https:\/\/www.buzoni.net\/wp-content\/uploads\/2019\/05\/PB_FASTENER-866x1024.png 866w, https:\/\/www.buzoni.net\/wp-content\/uploads\/2019\/05\/PB_FASTENER-600x709.png 600w\" sizes=\"auto, (max-width: 1354px) 100vw, 1354px\" loading=\"lazy\" \/><\/div><\/div><\/div><\/div><\/a><a href=\"https:\/\/www.buzoni.net\/wp-content\/uploads\/2019\/05\/Acr70927013329045049.jpg\" data-xtra-lightbox><div id=\"cz_29582\" data-position=\"top-right\" class=\"cz_29582 cz_image clr cz_image_no_fx center_on_mobile\"><div class=\"\" ><div class=\"cz_image_in\"><div class=\"cz_main_image\"><img decoding=\"async\" width=\"598\" height=\"462\" src=\"https:\/\/www.buzoni.net\/wp-content\/uploads\/2019\/05\/Acr70927013329045049.jpg\" class=\"attachment-full\" alt=\"Acr70927013329045049\" srcset=\"https:\/\/www.buzoni.net\/wp-content\/uploads\/2019\/05\/Acr70927013329045049.jpg 598w, https:\/\/www.buzoni.net\/wp-content\/uploads\/2019\/05\/Acr70927013329045049-300x232.jpg 300w\" sizes=\"auto, (max-width: 598px) 100vw, 598px\" loading=\"lazy\" \/><\/div><\/div><\/div><\/div><\/a>[\/vc_column][\/vc_row][vc_row full_width=&#8221;stretch_row&#8221; gap=&#8221;15&#8243; equal_height=&#8221;yes&#8221; css=&#8221;.vc_custom_1557742770840{padding-top: 3vh !important;padding-bottom: 3vh !important;}&#8221;][vc_column width=&#8221;1\/3&#8243;]<div id=\"cz_66955\" class=\"cz_66955 cz_title clr cz_title_pos_inline\"><div class=\"cz_title_content\"><div class=\"cz_wpe_content\"><h3>PB-KIT 2<\/h3>\n<h2><\/h2>\n<\/div><\/div><\/div>[\/vc_column][vc_column width=&#8221;1\/3&#8243;]<div id=\"cz_94633\" class=\"cz_94633 cz_title clr cz_title_pos_inline\"><div class=\"cz_title_content\"><div class=\"cz_wpe_content\"><div class=\"col-md-6 col-sm-12 plot-content\">\n<p>Nastavek za enostavno pritjevanje UBRS podkonstrukcije, brez vijakov.<\/p>\n<\/div>\n<\/div><\/div><\/div>[\/vc_column][vc_column width=&#8221;1\/3&#8243;]<a href=\"https:\/\/www.buzoni.net\/wp-content\/uploads\/2019\/05\/PB-KIT-2.png\" data-xtra-lightbox><div id=\"cz_58698\" data-position=\"top-right\" class=\"cz_58698 cz_image clr cz_image_no_fx center_on_mobile\"><div class=\"\" ><div class=\"cz_image_in\"><div class=\"cz_main_image\"><img decoding=\"async\" width=\"1378\" height=\"1048\" src=\"https:\/\/www.buzoni.net\/wp-content\/uploads\/2019\/05\/PB-KIT-2.png\" class=\"attachment-full\" alt=\"PB KIT 2\" title=\"PB-KIT-2\" srcset=\"https:\/\/www.buzoni.net\/wp-content\/uploads\/2019\/05\/PB-KIT-2.png 1378w, https:\/\/www.buzoni.net\/wp-content\/uploads\/2019\/05\/PB-KIT-2-300x228.png 300w, https:\/\/www.buzoni.net\/wp-content\/uploads\/2019\/05\/PB-KIT-2-768x584.png 768w, https:\/\/www.buzoni.net\/wp-content\/uploads\/2019\/05\/PB-KIT-2-1024x779.png 1024w, https:\/\/www.buzoni.net\/wp-content\/uploads\/2019\/05\/PB-KIT-2-600x456.png 600w\" sizes=\"auto, (max-width: 1378px) 100vw, 1378px\" loading=\"lazy\" \/><\/div><\/div><\/div><\/div><\/a>[\/vc_column][\/vc_row][vc_row full_width=&#8221;stretch_row&#8221; gap=&#8221;15&#8243; equal_height=&#8221;yes&#8221; css=&#8221;.vc_custom_1557742775110{padding-top: 3vh !important;padding-bottom: 3vh !important;background-color: #f9f9f9 !important;}&#8221;][vc_column width=&#8221;1\/3&#8243;]<div id=\"cz_44762\" class=\"cz_44762 cz_title clr cz_title_pos_inline\"><div class=\"cz_title_content\"><div class=\"cz_wpe_content\"><h3>BRS-18 MM<\/h3>\n<\/div><\/div><\/div>[\/vc_column][vc_column width=&#8221;1\/3&#8243;]<div id=\"cz_98751\" class=\"cz_98751 cz_title clr cz_title_pos_inline\"><div class=\"cz_title_content\"><div class=\"cz_wpe_content\"><p>Aluminijska podkonstrukcija debeline 18 mm, brez gumice, v sivi ali \u010drni barvi.<\/p>\n<\/div><\/div><\/div>[\/vc_column][vc_column width=&#8221;1\/3&#8243;]<a href=\"https:\/\/www.buzoni.net\/wp-content\/uploads\/2019\/05\/ubrs-wood-18-sans-coating.png\" data-xtra-lightbox><div id=\"cz_91385\" data-position=\"top-right\" class=\"cz_91385 cz_image clr cz_image_no_fx center_on_mobile\"><div class=\"\" ><div class=\"cz_image_in\"><div class=\"cz_main_image\"><img decoding=\"async\" width=\"1000\" height=\"1000\" src=\"https:\/\/www.buzoni.net\/wp-content\/uploads\/2019\/05\/ubrs-wood-18-sans-coating.png\" class=\"attachment-full\" alt=\"Ubrs wood 18 sans coating\" title=\"ubrs-wood-18 sans coating\" srcset=\"https:\/\/www.buzoni.net\/wp-content\/uploads\/2019\/05\/ubrs-wood-18-sans-coating.png 1000w, https:\/\/www.buzoni.net\/wp-content\/uploads\/2019\/05\/ubrs-wood-18-sans-coating-150x150.png 150w, https:\/\/www.buzoni.net\/wp-content\/uploads\/2019\/05\/ubrs-wood-18-sans-coating-300x300.png 300w, https:\/\/www.buzoni.net\/wp-content\/uploads\/2019\/05\/ubrs-wood-18-sans-coating-768x768.png 768w, https:\/\/www.buzoni.net\/wp-content\/uploads\/2019\/05\/ubrs-wood-18-sans-coating-600x600.png 600w\" sizes=\"auto, (max-width: 1000px) 100vw, 1000px\" loading=\"lazy\" \/><\/div><\/div><\/div><\/div><\/a>[\/vc_column][\/vc_row][vc_row full_width=&#8221;stretch_row&#8221; gap=&#8221;25&#8243; css=&#8221;.vc_custom_1550477714302{padding-top: 4vh !important;padding-bottom: 4vh !important;background-color: #f9f9f9 !important;}&#8221;][vc_column width=&#8221;1\/2&#8243;]<div class=\"cz_gap clr \" style=\"height: 15px\"><\/div><div id=\"cz_82834\" class=\"cz_82834 cz_title clr cz_title_pos_inline\"><div class=\"cz_title_content\"><div class=\"cz_wpe_content\"><h4>Navodila za monta\u017eo<\/h4>\n<\/div><\/div><\/div><div class=\"cz_gap clr \" style=\"height: 15px\"><\/div><div class=\"cz_btn_left\"><div class=\"cz_32098_p\"><a id=\"cz_32098\" class=\"cz_32098 cz_btn cz_btn_txt_no_fx cz_btn_half_to_fill_v cz_btn_icon_after\" href=\"https:\/\/www.buzoni.net\/wp-content\/uploads\/2019\/05\/0-AIP-PB-Wood-Complet.pdf\" target=\"_blank\"><span><strong>Navodila za monta\u017eo<\/strong><i class=\"fa fa-long-arrow-right\"><\/i><\/span><b class=\"cz_btn_onhover\"><strong>Navodila za monta\u017eo<\/strong><i class=\"fa fa-long-arrow-right\"><\/i><\/b><\/a><\/div><\/div><div class=\"clr\"><\/div><div class=\"cz_gap clr \" style=\"height: 15px\"><\/div>[\/vc_column][vc_column width=&#8221;1\/2&#8243;][\/vc_column][\/vc_row][vc_row][vc_column]<div class=\"cz_gap clr \" style=\"height: 15px\"><\/div><div class=\"relative\"><div id=\"cz_16469\" class=\"cz_16469 cz_line tac\"><\/div><\/div><div class=\"clr\"><\/div><div class=\"cz_gap clr \" style=\"height: 15px\"><\/div>[\/vc_column][\/vc_row][vc_row][vc_column]<div class=\"cz_gap clr \" style=\"height: 60px\"><\/div><div class=\"cz_btn_center\"><div class=\"cz_24392_p\"><a id=\"cz_24392\" class=\"cz_24392 cz_btn cz_btn_txt_no_fx cz_btn_half_to_fill_v cz_btn_icon_after\" href=\"\/izdelki\/\"><span><strong>Pregled vseh izdelkov<\/strong><i class=\"fa fa-long-arrow-right\"><\/i><\/span><b class=\"cz_btn_onhover\"><strong>Pregled vseh izdelkov<\/strong><i class=\"fa fa-long-arrow-right\"><\/i><\/b><\/a><\/div><\/div><div class=\"cz_gap clr \" style=\"height: 90px\"><\/div>[\/vc_column][\/vc_row][vc_row full_width=&#8221;stretch_row&#8221; css=&#8221;.vc_custom_1550216502740{padding-top: 60px !important;padding-bottom: 60px !important;background-color: #f1e530 !important;}&#8221;][vc_column offset=&#8221;vc_col-lg-8&#8243;]<div id=\"cz_84774\" class=\"cz_84774 cz_title clr cz_mobile_text_center cz_title_has_icon cz_title_pos_inline\"><div class=\"cz_title_content\"><i class=\"cz_title_icon_before fa fa-building-o\"><\/i><div class=\"cz_wpe_content\"><h3 style=\"line-height: 1.4;\"><span style=\"font-size: 34px;\">Pri\u010dnimo z va\u0161im novim projektom &#8230;<\/span><\/h3>\n<p>Zaupajte nam va\u0161e ideje, skupaj poi\u0161\u010demo pravo re\u0161itev.<\/p>\n<\/div><\/div><\/div>[\/vc_column][vc_column offset=&#8221;vc_col-lg-4&#8243;]<div class=\"cz_gap clr \" style=\"height: 25px\"><\/div><div class=\"cz_btn_right cz_mobile_btn_center\"><div class=\"cz_14177_p\"><a id=\"cz_14177\" class=\"cz_14177 cz_btn cz_btn_txt_no_fx cz_btn_no_fx cz_btn_icon_after\" href=\"\/kontakt\/\"><span><strong>Pri\u010dnimo takoj<\/strong><i class=\"fa fa-angle-double-right\"><\/i><\/span><b class=\"cz_btn_onhover\"><strong>Pri\u010dnimo takoj<\/strong><i class=\"fa fa-angle-double-right\"><\/i><\/b><\/a><\/div><\/div><div class=\"clr\"><\/div>[\/vc_column][\/vc_row]\n<\/div>","protected":false},"excerpt":{"rendered":"<p>[vc_column &#8230; <\/p>\n","protected":false},"author":1,"featured_media":0,"parent":2577,"menu_order":0,"comment_status":"closed","ping_status":"closed","template":"","meta":{"footnotes":""},"class_list":["post-2606","page","type-page","status-publish","hentry"],"yoast_head":"<!-- This site is optimized with the Yoast SEO plugin v27.3 - https:\/\/yoast.com\/product\/yoast-seo-wordpress\/ -->\n<title>Dodatki za les in kompozit - Buzon Slovenija<\/title>\n<meta name=\"robots\" content=\"index, follow, max-snippet:-1, max-image-preview:large, max-video-preview:-1\" \/>\n<link rel=\"canonical\" href=\"https:\/\/www.buzoni.net\/sr\/proizvodi\/dodatki-za-les-in-kompozit\/\" \/>\n<meta property=\"og:locale\" content=\"sr_RS\" \/>\n<meta property=\"og:type\" content=\"article\" \/>\n<meta property=\"og:title\" content=\"Dodatki za les in kompozit - Buzon Slovenija\" \/>\n<meta property=\"og:description\" content=\"[vc_column ...\" \/>\n<meta property=\"og:url\" content=\"https:\/\/www.buzoni.net\/sr\/proizvodi\/dodatki-za-les-in-kompozit\/\" \/>\n<meta property=\"og:site_name\" content=\"Buzon Slovenija\" \/>\n<meta name=\"twitter:card\" content=\"summary_large_image\" \/>\n<meta name=\"twitter:label1\" content=\"\u041f\u0440\u043e\u0446\u0435\u045a\u0435\u043d\u043e \u0432\u0440\u0435\u043c\u0435 \u0447\u0438\u0442\u0430\u045a\u0430\" \/>\n\t<meta name=\"twitter:data1\" content=\"4 \u043c\u0438\u043d\u0443\u0442\u0430\" \/>\n<script type=\"application\/ld+json\" class=\"yoast-schema-graph\">{\"@context\":\"https:\\\/\\\/schema.org\",\"@graph\":[{\"@type\":\"WebPage\",\"@id\":\"https:\\\/\\\/www.buzoni.net\\\/sr\\\/proizvodi\\\/dodatki-za-les-in-kompozit\\\/\",\"url\":\"https:\\\/\\\/www.buzoni.net\\\/sr\\\/proizvodi\\\/dodatki-za-les-in-kompozit\\\/\",\"name\":\"Dodatki za les in kompozit - Buzon Slovenija\",\"isPartOf\":{\"@id\":\"https:\\\/\\\/www.buzoni.net\\\/sr\\\/#website\"},\"datePublished\":\"2019-06-12T13:44:39+00:00\",\"breadcrumb\":{\"@id\":\"https:\\\/\\\/www.buzoni.net\\\/sr\\\/proizvodi\\\/dodatki-za-les-in-kompozit\\\/#breadcrumb\"},\"inLanguage\":\"sr-RS\",\"potentialAction\":[{\"@type\":\"ReadAction\",\"target\":[\"https:\\\/\\\/www.buzoni.net\\\/sr\\\/proizvodi\\\/dodatki-za-les-in-kompozit\\\/\"]}]},{\"@type\":\"BreadcrumbList\",\"@id\":\"https:\\\/\\\/www.buzoni.net\\\/sr\\\/proizvodi\\\/dodatki-za-les-in-kompozit\\\/#breadcrumb\",\"itemListElement\":[{\"@type\":\"ListItem\",\"position\":1,\"name\":\"Home\",\"item\":\"https:\\\/\\\/www.buzoni.net\\\/sr\\\/\"},{\"@type\":\"ListItem\",\"position\":2,\"name\":\"Proizvodi\",\"item\":\"https:\\\/\\\/www.buzoni.net\\\/sr\\\/izdelki\\\/\"},{\"@type\":\"ListItem\",\"position\":3,\"name\":\"Dodatki za les in kompozit\"}]},{\"@type\":\"WebSite\",\"@id\":\"https:\\\/\\\/www.buzoni.net\\\/sr\\\/#website\",\"url\":\"https:\\\/\\\/www.buzoni.net\\\/sr\\\/\",\"name\":\"Buzon Slovenija\",\"description\":\"Najbolj napreden in u\u010dinkovit sistem podstavkov za terase in dvignjene pode\",\"potentialAction\":[{\"@type\":\"SearchAction\",\"target\":{\"@type\":\"EntryPoint\",\"urlTemplate\":\"https:\\\/\\\/www.buzoni.net\\\/sr\\\/?s={search_term_string}\"},\"query-input\":{\"@type\":\"PropertyValueSpecification\",\"valueRequired\":true,\"valueName\":\"search_term_string\"}}],\"inLanguage\":\"sr-RS\"}]}<\/script>\n<!-- \/ Yoast SEO plugin. -->","yoast_head_json":{"title":"Dodatki za les in kompozit - Buzon Slovenija","robots":{"index":"index","follow":"follow","max-snippet":"max-snippet:-1","max-image-preview":"max-image-preview:large","max-video-preview":"max-video-preview:-1"},"canonical":"https:\/\/www.buzoni.net\/sr\/proizvodi\/dodatki-za-les-in-kompozit\/","og_locale":"sr_RS","og_type":"article","og_title":"Dodatki za les in kompozit - Buzon Slovenija","og_description":"[vc_column ...","og_url":"https:\/\/www.buzoni.net\/sr\/proizvodi\/dodatki-za-les-in-kompozit\/","og_site_name":"Buzon Slovenija","twitter_card":"summary_large_image","twitter_misc":{"\u041f\u0440\u043e\u0446\u0435\u045a\u0435\u043d\u043e \u0432\u0440\u0435\u043c\u0435 \u0447\u0438\u0442\u0430\u045a\u0430":"4 \u043c\u0438\u043d\u0443\u0442\u0430"},"schema":{"@context":"https:\/\/schema.org","@graph":[{"@type":"WebPage","@id":"https:\/\/www.buzoni.net\/sr\/proizvodi\/dodatki-za-les-in-kompozit\/","url":"https:\/\/www.buzoni.net\/sr\/proizvodi\/dodatki-za-les-in-kompozit\/","name":"Dodatki za les in kompozit - Buzon Slovenija","isPartOf":{"@id":"https:\/\/www.buzoni.net\/sr\/#website"},"datePublished":"2019-06-12T13:44:39+00:00","breadcrumb":{"@id":"https:\/\/www.buzoni.net\/sr\/proizvodi\/dodatki-za-les-in-kompozit\/#breadcrumb"},"inLanguage":"sr-RS","potentialAction":[{"@type":"ReadAction","target":["https:\/\/www.buzoni.net\/sr\/proizvodi\/dodatki-za-les-in-kompozit\/"]}]},{"@type":"BreadcrumbList","@id":"https:\/\/www.buzoni.net\/sr\/proizvodi\/dodatki-za-les-in-kompozit\/#breadcrumb","itemListElement":[{"@type":"ListItem","position":1,"name":"Home","item":"https:\/\/www.buzoni.net\/sr\/"},{"@type":"ListItem","position":2,"name":"Proizvodi","item":"https:\/\/www.buzoni.net\/sr\/izdelki\/"},{"@type":"ListItem","position":3,"name":"Dodatki za les in kompozit"}]},{"@type":"WebSite","@id":"https:\/\/www.buzoni.net\/sr\/#website","url":"https:\/\/www.buzoni.net\/sr\/","name":"Buzon Slovenija","description":"Najbolj napreden in u\u010dinkovit sistem podstavkov za terase in dvignjene pode","potentialAction":[{"@type":"SearchAction","target":{"@type":"EntryPoint","urlTemplate":"https:\/\/www.buzoni.net\/sr\/?s={search_term_string}"},"query-input":{"@type":"PropertyValueSpecification","valueRequired":true,"valueName":"search_term_string"}}],"inLanguage":"sr-RS"}]}},"_links":{"self":[{"href":"https:\/\/www.buzoni.net\/sr\/wp-json\/wp\/v2\/pages\/2606","targetHints":{"allow":["GET"]}}],"collection":[{"href":"https:\/\/www.buzoni.net\/sr\/wp-json\/wp\/v2\/pages"}],"about":[{"href":"https:\/\/www.buzoni.net\/sr\/wp-json\/wp\/v2\/types\/page"}],"author":[{"embeddable":true,"href":"https:\/\/www.buzoni.net\/sr\/wp-json\/wp\/v2\/users\/1"}],"replies":[{"embeddable":true,"href":"https:\/\/www.buzoni.net\/sr\/wp-json\/wp\/v2\/comments?post=2606"}],"version-history":[{"count":3,"href":"https:\/\/www.buzoni.net\/sr\/wp-json\/wp\/v2\/pages\/2606\/revisions"}],"predecessor-version":[{"id":2610,"href":"https:\/\/www.buzoni.net\/sr\/wp-json\/wp\/v2\/pages\/2606\/revisions\/2610"}],"up":[{"embeddable":true,"href":"https:\/\/www.buzoni.net\/sr\/wp-json\/wp\/v2\/pages\/2577"}],"wp:attachment":[{"href":"https:\/\/www.buzoni.net\/sr\/wp-json\/wp\/v2\/media?parent=2606"}],"curies":[{"name":"wp","href":"https:\/\/api.w.org\/{rel}","templated":true}]}}