{"id":2619,"date":"2019-06-12T15:49:42","date_gmt":"2019-06-12T13:49:42","guid":{"rendered":"https:\/\/www.buzoni.net\/?page_id=2619"},"modified":"2019-06-12T15:49:42","modified_gmt":"2019-06-12T13:49:42","slug":"pripomocki-za-delo","status":"publish","type":"page","link":"https:\/\/www.buzoni.net\/sr\/proizvodi\/pripomocki-za-delo\/","title":{"rendered":"Pripomo\u010dki za delo"},"content":{"rendered":"<div class=\"wpb-content-wrapper\">[vc_row gap=&#8221;25&#8243; css=&#8221;.vc_custom_1550566804963{padding-top: 7vh !important;padding-bottom: 4vh !important;}&#8221;][vc_column width=&#8221;1\/2&#8243;]<div id=\"cz_88357\" class=\"cz_88357 cz_title clr cz_title_pos_inline\"><div class=\"cz_title_content\"><div class=\"cz_wpe_content\"><h3>Pripomo\u010dki za delo<\/h3>\n<p>&nbsp;<\/p>\n<div class=\"x-raw-content product-sub-title\"><\/div>\n<\/div><\/div><\/div><div class=\"cz_gap clr \" style=\"height: 25px\"><\/div><div id=\"cz_41238\" class=\"cz_41238 cz_title clr cz_title_pos_inline\"><div class=\"cz_title_content\"><div class=\"cz_wpe_content\"><\/div><\/div><\/div><div class=\"cz_gap clr \" style=\"height: 25px\"><\/div>[\/vc_column][vc_column width=&#8221;1\/2&#8243;]<a href=\"https:\/\/www.buzoni.net\/wp-content\/uploads\/2019\/02\/buzon_kamen_2.jpg\" data-xtra-lightbox><div id=\"cz_16697\" data-position=\"top-right\" class=\"cz_16697 cz_image clr cz_image_no_fx center_on_mobile\"><div class=\"\" ><div class=\"cz_image_in\"><div class=\"cz_main_image\"><img fetchpriority=\"high\" loading=\"eager\" decoding=\"sync\" data-no-lazy=\"1\" width=\"264\" height=\"300\" src=\"https:\/\/www.buzoni.net\/wp-content\/uploads\/2019\/02\/buzon_kamen_2.jpg\" class=\"attachment-full\" alt=\"Buzon kamen 2\" title=\"buzon_kamen_2\"  \/><\/div><\/div><\/div><\/div><\/a><div class=\"cz_gap clr \" style=\"height: 25px\"><\/div>[\/vc_column][\/vc_row][vc_row disable_element=&#8221;yes&#8221;][vc_column]<div class=\"cz_gap clr \" style=\"height: 15px\"><\/div>[\/vc_column][\/vc_row][vc_row full_width=&#8221;stretch_row&#8221; gap=&#8221;15&#8243; equal_height=&#8221;yes&#8221; css=&#8221;.vc_custom_1557742767123{padding-top: 3vh !important;padding-bottom: 3vh !important;background-color: #f9f9f9 !important;}&#8221;][vc_column width=&#8221;1\/3&#8243;]<div id=\"cz_106326\" class=\"cz_106326 cz_title clr cz_title_pos_inline\"><div class=\"cz_title_content\"><div class=\"cz_wpe_content\"><h3>U-KIT-SL80<\/h3>\n<\/div><\/div><\/div>[\/vc_column][vc_column width=&#8221;1\/3&#8243;]<div id=\"cz_82066\" class=\"cz_82066 cz_title clr cz_title_pos_inline\"><div class=\"cz_title_content\"><div class=\"cz_wpe_content\"><p><span style=\"color: #262626;\"><span style=\"font-family: Arial, sans-serif;\"><span style=\"font-size: medium;\">Vodna tehtnica, ki nam pomaga pri delu s korektorjem naklona BC-PH5. <\/span><\/span><\/span><\/p>\n<\/div><\/div><\/div>[\/vc_column][vc_column width=&#8221;1\/3&#8243;]<a href=\"https:\/\/www.buzoni.net\/wp-content\/uploads\/2019\/02\/buzon-dodatki.png\" data-xtra-lightbox><div id=\"cz_104796\" data-position=\"top-right\" class=\"cz_104796 cz_image clr cz_image_no_fx center_on_mobile\"><div class=\"\" ><div class=\"cz_image_in\"><div class=\"cz_main_image\"><img decoding=\"async\" width=\"350\" height=\"350\" src=\"https:\/\/www.buzoni.net\/wp-content\/uploads\/2019\/02\/buzon-dodatki.png\" class=\"attachment-full\" alt=\"Buzon dodatki\" title=\"buzon-dodatki\" srcset=\"https:\/\/www.buzoni.net\/wp-content\/uploads\/2019\/02\/buzon-dodatki.png 350w, https:\/\/www.buzoni.net\/wp-content\/uploads\/2019\/02\/buzon-dodatki-150x150.png 150w, https:\/\/www.buzoni.net\/wp-content\/uploads\/2019\/02\/buzon-dodatki-300x300.png 300w\" sizes=\"auto, (max-width: 350px) 100vw, 350px\" loading=\"lazy\" \/><\/div><\/div><\/div><\/div><\/a>[\/vc_column][\/vc_row][vc_row full_width=&#8221;stretch_row&#8221; gap=&#8221;15&#8243; equal_height=&#8221;yes&#8221; css=&#8221;.vc_custom_1557742770840{padding-top: 3vh !important;padding-bottom: 3vh !important;}&#8221;][vc_column width=&#8221;1\/3&#8243;]<div id=\"cz_41307\" class=\"cz_41307 cz_title clr cz_title_pos_inline\"><div class=\"cz_title_content\"><div class=\"cz_wpe_content\"><h3>U-LD-3050<\/h3>\n<h3><\/h3>\n<\/div><\/div><\/div>[\/vc_column][vc_column width=&#8221;1\/3&#8243;]<div id=\"cz_15974\" class=\"cz_15974 cz_title clr cz_title_pos_inline\"><div class=\"cz_title_content\"><div class=\"cz_wpe_content\"><div class=\"col-md-6 col-sm-12 plot-content\">\n<p>Dr\u017ealo za plo\u0161\u010de z razponom od 30 do 50 cm.<\/p>\n<\/div>\n<\/div><\/div><\/div>[\/vc_column][vc_column width=&#8221;1\/3&#8243;]<a href=\"https:\/\/www.buzoni.net\/wp-content\/uploads\/2019\/05\/drzalo-za-plosce.png\" data-xtra-lightbox><div id=\"cz_79687\" data-position=\"top-right\" class=\"cz_79687 cz_image clr cz_image_no_fx center_on_mobile\"><div class=\"\" ><div class=\"cz_image_in\"><div class=\"cz_main_image\"><img decoding=\"async\" width=\"938\" height=\"566\" src=\"https:\/\/www.buzoni.net\/wp-content\/uploads\/2019\/05\/drzalo-za-plosce.png\" class=\"attachment-full\" alt=\"Drzalo za plosce\" title=\"drzalo za plosce\" srcset=\"https:\/\/www.buzoni.net\/wp-content\/uploads\/2019\/05\/drzalo-za-plosce.png 938w, https:\/\/www.buzoni.net\/wp-content\/uploads\/2019\/05\/drzalo-za-plosce-300x181.png 300w, https:\/\/www.buzoni.net\/wp-content\/uploads\/2019\/05\/drzalo-za-plosce-768x463.png 768w, https:\/\/www.buzoni.net\/wp-content\/uploads\/2019\/05\/drzalo-za-plosce-600x362.png 600w\" sizes=\"auto, (max-width: 938px) 100vw, 938px\" loading=\"lazy\" \/><\/div><\/div><\/div><\/div><\/a>[\/vc_column][\/vc_row][vc_row full_width=&#8221;stretch_row&#8221; gap=&#8221;15&#8243; equal_height=&#8221;yes&#8221; css=&#8221;.vc_custom_1557742775110{padding-top: 3vh !important;padding-bottom: 3vh !important;background-color: #f9f9f9 !important;}&#8221;][vc_column width=&#8221;1\/3&#8243;]<div id=\"cz_33074\" class=\"cz_33074 cz_title clr cz_title_pos_inline\"><div class=\"cz_title_content\"><div class=\"cz_wpe_content\"><h3>U-LD-5065<\/h3>\n<\/div><\/div><\/div>[\/vc_column][vc_column width=&#8221;1\/3&#8243;]<div id=\"cz_35611\" class=\"cz_35611 cz_title clr cz_title_pos_inline\"><div class=\"cz_title_content\"><div class=\"cz_wpe_content\"><p>Dr\u017ealo za plo\u0161\u010de z razponom od 50 do 65 cm.<\/p>\n<\/div><\/div><\/div>[\/vc_column][vc_column width=&#8221;1\/3&#8243;]<a href=\"https:\/\/www.buzoni.net\/wp-content\/uploads\/2019\/05\/drzalo-za-plosce.png\" data-xtra-lightbox><div id=\"cz_42595\" data-position=\"top-right\" class=\"cz_42595 cz_image clr cz_image_no_fx center_on_mobile\"><div class=\"\" ><div class=\"cz_image_in\"><div class=\"cz_main_image\"><img decoding=\"async\" width=\"938\" height=\"566\" src=\"https:\/\/www.buzoni.net\/wp-content\/uploads\/2019\/05\/drzalo-za-plosce.png\" class=\"attachment-full\" alt=\"Drzalo za plosce\" title=\"drzalo za plosce\" srcset=\"https:\/\/www.buzoni.net\/wp-content\/uploads\/2019\/05\/drzalo-za-plosce.png 938w, https:\/\/www.buzoni.net\/wp-content\/uploads\/2019\/05\/drzalo-za-plosce-300x181.png 300w, https:\/\/www.buzoni.net\/wp-content\/uploads\/2019\/05\/drzalo-za-plosce-768x463.png 768w, https:\/\/www.buzoni.net\/wp-content\/uploads\/2019\/05\/drzalo-za-plosce-600x362.png 600w\" sizes=\"auto, (max-width: 938px) 100vw, 938px\" loading=\"lazy\" \/><\/div><\/div><\/div><\/div><\/a>[\/vc_column][\/vc_row][vc_row full_width=&#8221;stretch_row&#8221; gap=&#8221;15&#8243; equal_height=&#8221;yes&#8221; css=&#8221;.vc_custom_1557742770840{padding-top: 3vh !important;padding-bottom: 3vh !important;}&#8221;][vc_column width=&#8221;1\/3&#8243;]<div id=\"cz_78879\" class=\"cz_78879 cz_title clr cz_title_pos_inline\"><div class=\"cz_title_content\"><div class=\"cz_wpe_content\"><h3>U-KEY<\/h3>\n<\/div><\/div><\/div>[\/vc_column][vc_column width=&#8221;1\/3&#8243;]<div id=\"cz_49760\" class=\"cz_49760 cz_title clr cz_title_pos_inline\"><div class=\"cz_title_content\"><div class=\"cz_wpe_content\"><p>Klju\u010d za regulacijo vi\u0161ine podstavkov.<\/p>\n<\/div><\/div><\/div>[\/vc_column][vc_column width=&#8221;1\/3&#8243;]<a href=\"https:\/\/www.buzoni.net\/wp-content\/uploads\/2019\/05\/U-KEY-copy.jpg\" data-xtra-lightbox><div id=\"cz_109355\" data-position=\"top-right\" class=\"cz_109355 cz_image clr cz_image_no_fx center_on_mobile\"><div class=\"\" ><div class=\"cz_image_in\"><div class=\"cz_main_image\"><img decoding=\"async\" width=\"617\" height=\"199\" src=\"https:\/\/www.buzoni.net\/wp-content\/uploads\/2019\/05\/U-KEY-copy.jpg\" class=\"attachment-full\" alt=\"U KEY copy\" title=\"U-KEY copy\" srcset=\"https:\/\/www.buzoni.net\/wp-content\/uploads\/2019\/05\/U-KEY-copy.jpg 617w, https:\/\/www.buzoni.net\/wp-content\/uploads\/2019\/05\/U-KEY-copy-300x97.jpg 300w, https:\/\/www.buzoni.net\/wp-content\/uploads\/2019\/05\/U-KEY-copy-600x194.jpg 600w\" sizes=\"auto, (max-width: 617px) 100vw, 617px\" loading=\"lazy\" \/><\/div><\/div><\/div><\/div><\/a>[\/vc_column][\/vc_row][vc_row full_width=&#8221;stretch_row&#8221; gap=&#8221;25&#8243; css=&#8221;.vc_custom_1550477714302{padding-top: 4vh !important;padding-bottom: 4vh !important;background-color: #f9f9f9 !important;}&#8221;][vc_column width=&#8221;1\/2&#8243;][\/vc_column][\/vc_row][vc_row full_width=&#8221;stretch_row&#8221; css=&#8221;.vc_custom_1550216502740{padding-top: 60px !important;padding-bottom: 60px !important;background-color: #f1e530 !important;}&#8221;][vc_column offset=&#8221;vc_col-lg-8&#8243;]<div id=\"cz_84774\" class=\"cz_84774 cz_title clr cz_mobile_text_center cz_title_has_icon cz_title_pos_inline\"><div class=\"cz_title_content\"><i class=\"cz_title_icon_before fa fa-building-o\"><\/i><div class=\"cz_wpe_content\"><h3 style=\"line-height: 1.4;\"><span style=\"font-size: 34px;\">Pri\u010dnimo z va\u0161im novim projektom &#8230;<\/span><\/h3>\n<p>Zaupajte nam va\u0161e ideje, skupaj poi\u0161\u010demo pravo re\u0161itev.<\/p>\n<\/div><\/div><\/div>[\/vc_column][vc_column offset=&#8221;vc_col-lg-4&#8243;]<div class=\"cz_gap clr \" style=\"height: 25px\"><\/div><div class=\"cz_btn_right cz_mobile_btn_center\"><div class=\"cz_14177_p\"><a id=\"cz_14177\" class=\"cz_14177 cz_btn cz_btn_txt_no_fx cz_btn_no_fx cz_btn_icon_after\" href=\"\/kontakt\/\"><span><strong>Pri\u010dnimo takoj<\/strong><i class=\"fa fa-angle-double-right\"><\/i><\/span><b class=\"cz_btn_onhover\"><strong>Pri\u010dnimo takoj<\/strong><i class=\"fa fa-angle-double-right\"><\/i><\/b><\/a><\/div><\/div><div class=\"clr\"><\/div>[\/vc_column][\/vc_row]\n<\/div>","protected":false},"excerpt":{"rendered":"<p>[vc_column &#8230; <\/p>\n","protected":false},"author":1,"featured_media":0,"parent":2577,"menu_order":0,"comment_status":"closed","ping_status":"closed","template":"","meta":{"footnotes":""},"class_list":["post-2619","page","type-page","status-publish","hentry"],"yoast_head":"<!-- This site is optimized with the Yoast SEO plugin v27.3 - https:\/\/yoast.com\/product\/yoast-seo-wordpress\/ -->\n<title>Pripomo\u010dki za delo - Buzon Slovenija<\/title>\n<meta name=\"robots\" content=\"index, follow, max-snippet:-1, max-image-preview:large, max-video-preview:-1\" \/>\n<link rel=\"canonical\" href=\"https:\/\/www.buzoni.net\/sr\/proizvodi\/pripomocki-za-delo\/\" \/>\n<meta property=\"og:locale\" content=\"sr_RS\" \/>\n<meta property=\"og:type\" content=\"article\" \/>\n<meta property=\"og:title\" content=\"Pripomo\u010dki za delo - Buzon Slovenija\" \/>\n<meta property=\"og:description\" content=\"[vc_column ...\" \/>\n<meta property=\"og:url\" content=\"https:\/\/www.buzoni.net\/sr\/proizvodi\/pripomocki-za-delo\/\" \/>\n<meta property=\"og:site_name\" content=\"Buzon Slovenija\" \/>\n<meta name=\"twitter:card\" content=\"summary_large_image\" \/>\n<meta name=\"twitter:label1\" content=\"\u041f\u0440\u043e\u0446\u0435\u045a\u0435\u043d\u043e \u0432\u0440\u0435\u043c\u0435 \u0447\u0438\u0442\u0430\u045a\u0430\" \/>\n\t<meta name=\"twitter:data1\" content=\"3 \u043c\u0438\u043d\u0443\u0442\u0430\" \/>\n<script type=\"application\/ld+json\" class=\"yoast-schema-graph\">{\"@context\":\"https:\\\/\\\/schema.org\",\"@graph\":[{\"@type\":\"WebPage\",\"@id\":\"https:\\\/\\\/www.buzoni.net\\\/sr\\\/proizvodi\\\/pripomocki-za-delo\\\/\",\"url\":\"https:\\\/\\\/www.buzoni.net\\\/sr\\\/proizvodi\\\/pripomocki-za-delo\\\/\",\"name\":\"Pripomo\u010dki za delo - Buzon Slovenija\",\"isPartOf\":{\"@id\":\"https:\\\/\\\/www.buzoni.net\\\/sr\\\/#website\"},\"datePublished\":\"2019-06-12T13:49:42+00:00\",\"breadcrumb\":{\"@id\":\"https:\\\/\\\/www.buzoni.net\\\/sr\\\/proizvodi\\\/pripomocki-za-delo\\\/#breadcrumb\"},\"inLanguage\":\"sr-RS\",\"potentialAction\":[{\"@type\":\"ReadAction\",\"target\":[\"https:\\\/\\\/www.buzoni.net\\\/sr\\\/proizvodi\\\/pripomocki-za-delo\\\/\"]}]},{\"@type\":\"BreadcrumbList\",\"@id\":\"https:\\\/\\\/www.buzoni.net\\\/sr\\\/proizvodi\\\/pripomocki-za-delo\\\/#breadcrumb\",\"itemListElement\":[{\"@type\":\"ListItem\",\"position\":1,\"name\":\"Home\",\"item\":\"https:\\\/\\\/www.buzoni.net\\\/sr\\\/\"},{\"@type\":\"ListItem\",\"position\":2,\"name\":\"Proizvodi\",\"item\":\"https:\\\/\\\/www.buzoni.net\\\/sr\\\/izdelki\\\/\"},{\"@type\":\"ListItem\",\"position\":3,\"name\":\"Pripomo\u010dki za delo\"}]},{\"@type\":\"WebSite\",\"@id\":\"https:\\\/\\\/www.buzoni.net\\\/sr\\\/#website\",\"url\":\"https:\\\/\\\/www.buzoni.net\\\/sr\\\/\",\"name\":\"Buzon Slovenija\",\"description\":\"Najbolj napreden in u\u010dinkovit sistem podstavkov za terase in dvignjene pode\",\"potentialAction\":[{\"@type\":\"SearchAction\",\"target\":{\"@type\":\"EntryPoint\",\"urlTemplate\":\"https:\\\/\\\/www.buzoni.net\\\/sr\\\/?s={search_term_string}\"},\"query-input\":{\"@type\":\"PropertyValueSpecification\",\"valueRequired\":true,\"valueName\":\"search_term_string\"}}],\"inLanguage\":\"sr-RS\"}]}<\/script>\n<!-- \/ Yoast SEO plugin. -->","yoast_head_json":{"title":"Pripomo\u010dki za delo - Buzon Slovenija","robots":{"index":"index","follow":"follow","max-snippet":"max-snippet:-1","max-image-preview":"max-image-preview:large","max-video-preview":"max-video-preview:-1"},"canonical":"https:\/\/www.buzoni.net\/sr\/proizvodi\/pripomocki-za-delo\/","og_locale":"sr_RS","og_type":"article","og_title":"Pripomo\u010dki za delo - Buzon Slovenija","og_description":"[vc_column ...","og_url":"https:\/\/www.buzoni.net\/sr\/proizvodi\/pripomocki-za-delo\/","og_site_name":"Buzon Slovenija","twitter_card":"summary_large_image","twitter_misc":{"\u041f\u0440\u043e\u0446\u0435\u045a\u0435\u043d\u043e \u0432\u0440\u0435\u043c\u0435 \u0447\u0438\u0442\u0430\u045a\u0430":"3 \u043c\u0438\u043d\u0443\u0442\u0430"},"schema":{"@context":"https:\/\/schema.org","@graph":[{"@type":"WebPage","@id":"https:\/\/www.buzoni.net\/sr\/proizvodi\/pripomocki-za-delo\/","url":"https:\/\/www.buzoni.net\/sr\/proizvodi\/pripomocki-za-delo\/","name":"Pripomo\u010dki za delo - Buzon Slovenija","isPartOf":{"@id":"https:\/\/www.buzoni.net\/sr\/#website"},"datePublished":"2019-06-12T13:49:42+00:00","breadcrumb":{"@id":"https:\/\/www.buzoni.net\/sr\/proizvodi\/pripomocki-za-delo\/#breadcrumb"},"inLanguage":"sr-RS","potentialAction":[{"@type":"ReadAction","target":["https:\/\/www.buzoni.net\/sr\/proizvodi\/pripomocki-za-delo\/"]}]},{"@type":"BreadcrumbList","@id":"https:\/\/www.buzoni.net\/sr\/proizvodi\/pripomocki-za-delo\/#breadcrumb","itemListElement":[{"@type":"ListItem","position":1,"name":"Home","item":"https:\/\/www.buzoni.net\/sr\/"},{"@type":"ListItem","position":2,"name":"Proizvodi","item":"https:\/\/www.buzoni.net\/sr\/izdelki\/"},{"@type":"ListItem","position":3,"name":"Pripomo\u010dki za delo"}]},{"@type":"WebSite","@id":"https:\/\/www.buzoni.net\/sr\/#website","url":"https:\/\/www.buzoni.net\/sr\/","name":"Buzon Slovenija","description":"Najbolj napreden in u\u010dinkovit sistem podstavkov za terase in dvignjene pode","potentialAction":[{"@type":"SearchAction","target":{"@type":"EntryPoint","urlTemplate":"https:\/\/www.buzoni.net\/sr\/?s={search_term_string}"},"query-input":{"@type":"PropertyValueSpecification","valueRequired":true,"valueName":"search_term_string"}}],"inLanguage":"sr-RS"}]}},"_links":{"self":[{"href":"https:\/\/www.buzoni.net\/sr\/wp-json\/wp\/v2\/pages\/2619","targetHints":{"allow":["GET"]}}],"collection":[{"href":"https:\/\/www.buzoni.net\/sr\/wp-json\/wp\/v2\/pages"}],"about":[{"href":"https:\/\/www.buzoni.net\/sr\/wp-json\/wp\/v2\/types\/page"}],"author":[{"embeddable":true,"href":"https:\/\/www.buzoni.net\/sr\/wp-json\/wp\/v2\/users\/1"}],"replies":[{"embeddable":true,"href":"https:\/\/www.buzoni.net\/sr\/wp-json\/wp\/v2\/comments?post=2619"}],"version-history":[{"count":2,"href":"https:\/\/www.buzoni.net\/sr\/wp-json\/wp\/v2\/pages\/2619\/revisions"}],"predecessor-version":[{"id":2622,"href":"https:\/\/www.buzoni.net\/sr\/wp-json\/wp\/v2\/pages\/2619\/revisions\/2622"}],"up":[{"embeddable":true,"href":"https:\/\/www.buzoni.net\/sr\/wp-json\/wp\/v2\/pages\/2577"}],"wp:attachment":[{"href":"https:\/\/www.buzoni.net\/sr\/wp-json\/wp\/v2\/media?parent=2619"}],"curies":[{"name":"wp","href":"https:\/\/api.w.org\/{rel}","templated":true}]}}