{"id":3573,"date":"2019-02-12T11:54:14","date_gmt":"2019-02-12T10:54:14","guid":{"rendered":"https:\/\/www.buzoni.net\/o-buzonu\/"},"modified":"2022-03-12T11:35:24","modified_gmt":"2022-03-12T10:35:24","slug":"o-buzonu","status":"publish","type":"page","link":"https:\/\/www.buzoni.net\/sr\/o-buzonu\/","title":{"rendered":"O Buzonu"},"content":{"rendered":"<div class=\"wpb-content-wrapper\">[vc_row css=&#8221;.vc_custom_1550216896011{padding-top: 8vh !important;padding-bottom: 4vh !important;}&#8221;][vc_column]<div id=\"cz_37879\" class=\"cz_37879 cz_title clr cz_title_pos_inline\"><div class=\"cz_title_content\"><div class=\"cz_wpe_content\"><h3>O Buzonu<\/h3>\n<\/div><\/div><\/div><div class=\"cz_gap clr \" style=\"height: 35px\"><\/div>[vc_row_inner gap=&#8221;25&#8243;][vc_column_inner width=&#8221;1\/2&#8243;]<div id=\"cz_73893\" class=\"cz_73893 cz_title clr cz_title_pos_inline\"><div class=\"cz_title_content\"><div class=\"cz_wpe_content\"><p>Buzon je prvi patentirani sistem po visini podesivih podno\u017eja za naklonsku regulaciju spolja\u0161njih odignutih povr\u0161ina. Ime je dobio po pronalaza\u010du Claude-u Buzonu. 1987. godine on svetu predstavlja novi na\u010din izrade terasa osmisliv\u0161i svoj jedinstveni sistem Buzon podmeta\u010da, koji su u roku od nekoliko godina obi\u0161li svet.<\/p>\n<p>&nbsp;<\/p>\n<p>Danas je Buzon prvi i vodec\u0301i evropski proizvo\u0111a\u010d sistema odignutih spolja\u0161njih povr\u0161ina, a podmeta\u010di Buzon su neizostavan element svake dobro izra\u0111ene terase. Kompania Buzon ima partnere u vi\u0161e od pedeset zemalja. Zato se mogu pohvaliti sa\u00a0 najzahtevnijim referentnim projektima po svetu, a ime Buzon \u010dak je postalo i sinonim za podno\u017eja podesiva po visini.<\/p>\n<p>&nbsp;<\/p>\n<p>Re\u010di Egziperijevog Malog princa: \u201eSu\u0161tina je o\u010dima nevidljiva\u201c postale su slogan kompanije Buzon, jer su i podmeta\u010di Buzon va\u017ean element svake dobro izra\u0111ene terase, a o\u010dima nevidljivi.<\/p>\n<\/div><\/div><\/div>[\/vc_column_inner][vc_column_inner width=&#8221;1\/2&#8243;]<div id=\"cz_28553\" data-position=\"top-right\" class=\"cz_28553 cz_image clr cz_image_no_fx center_on_mobile\"><div class=\"\" ><div class=\"cz_image_in\"><div class=\"cz_main_image\"><img fetchpriority=\"high\" loading=\"eager\" decoding=\"sync\" data-no-lazy=\"1\" width=\"1600\" height=\"1158\" src=\"https:\/\/www.buzoni.net\/wp-content\/uploads\/2019\/02\/Buzon-Claude-et-Laurent-Buzon_1.jpeg\" class=\"attachment-full\" alt=\"Buzon Claude et Laurent Buzon 1\" title=\"Buzon-Claude-et-Laurent-Buzon_1\" srcset=\"https:\/\/www.buzoni.net\/wp-content\/uploads\/2019\/02\/Buzon-Claude-et-Laurent-Buzon_1.jpeg 1600w, https:\/\/www.buzoni.net\/wp-content\/uploads\/2019\/02\/Buzon-Claude-et-Laurent-Buzon_1-300x217.jpeg 300w, https:\/\/www.buzoni.net\/wp-content\/uploads\/2019\/02\/Buzon-Claude-et-Laurent-Buzon_1-768x556.jpeg 768w, https:\/\/www.buzoni.net\/wp-content\/uploads\/2019\/02\/Buzon-Claude-et-Laurent-Buzon_1-1024x741.jpeg 1024w, https:\/\/www.buzoni.net\/wp-content\/uploads\/2019\/02\/Buzon-Claude-et-Laurent-Buzon_1-600x434.jpeg 600w\" sizes=\"(max-width: 1600px) 100vw, 1600px\"  \/><\/div><\/div><\/div><\/div>[\/vc_column_inner][\/vc_row_inner][\/vc_column][\/vc_row][vc_row css=&#8221;.vc_custom_1550184738164{padding-top: 3vh !important;padding-bottom: 6vh !important;}&#8221;][vc_column]<div id=\"cz_14860\" class=\"cz_14860 cz_title clr cz_title_pos_inline\"><div class=\"cz_title_content\"><div class=\"cz_wpe_content\"><h4 class=\"Standard\">Buzon ve\u0107 vi\u0161e od trideset godina svet podi\u017ee na vi\u0161i nivo.<\/h4>\n<\/div><\/div><\/div><div class=\"cz_gap clr \" style=\"height: 35px\"><\/div><div id=\"cz_61250\" class=\"cz_61250 cz_title clr cz_title_pos_inline\"><div class=\"cz_title_content\"><div class=\"cz_wpe_content\"><\/div><\/div><\/div><div class=\"cz_gap clr \" style=\"height: 35px\"><\/div><div id=\"cz_54206\" data-position=\"top-right\" class=\"cz_54206 cz_image clr cz_image_no_fx center_on_mobile\"><div class=\"\" ><div class=\"cz_image_in\"><div class=\"cz_main_image\"><img decoding=\"async\" width=\"1600\" height=\"686\" src=\"https:\/\/www.buzoni.net\/wp-content\/uploads\/2019\/02\/buzon_podstavki.png\" class=\"attachment-full\" alt=\"Buzon podstavki\" title=\"buzon_podstavki\" srcset=\"https:\/\/www.buzoni.net\/wp-content\/uploads\/2019\/02\/buzon_podstavki.png 1600w, https:\/\/www.buzoni.net\/wp-content\/uploads\/2019\/02\/buzon_podstavki-300x129.png 300w, https:\/\/www.buzoni.net\/wp-content\/uploads\/2019\/02\/buzon_podstavki-768x330.png 768w, https:\/\/www.buzoni.net\/wp-content\/uploads\/2019\/02\/buzon_podstavki-1024x439.png 1024w, https:\/\/www.buzoni.net\/wp-content\/uploads\/2019\/02\/buzon_podstavki-600x257.png 600w\" sizes=\"auto, (max-width: 1600px) 100vw, 1600px\" loading=\"lazy\" \/><\/div><\/div><\/div><\/div>[\/vc_column][\/vc_row][vc_row][vc_column]<div class=\"cz_gap clr \" style=\"height: 20px\"><\/div><div class=\"relative\"><div id=\"cz_94943\" class=\"cz_94943 cz_line tac\"><\/div><\/div><div class=\"clr\"><\/div><div class=\"cz_gap clr \" style=\"height: 80px\"><\/div>[\/vc_column][\/vc_row][vc_row css=&#8221;.vc_custom_1550216938187{padding-bottom: 8vh !important;}&#8221;][vc_column][vc_row_inner][vc_column_inner width=&#8221;1\/2&#8243;]<div id=\"cz_89987\" class=\"cz_89987 cz_title clr cz_title_pos_inline\"><div class=\"cz_title_content\"><div class=\"cz_wpe_content\"><h4>Briga za \u017eivotnu sredinu<\/h4>\n<\/div><\/div><\/div><div class=\"cz_gap clr \" style=\"height: 35px\"><\/div><div id=\"cz_61315\" class=\"cz_61315 cz_title clr cz_title_pos_inline\"><div class=\"cz_title_content\"><div class=\"cz_wpe_content\"><p>Svesna klimatskih promana, kompanija posebnu pa\u017enju posvec\u0301uje za\u0161titi \u017eivotne sredine i zato kao osnovnu sirovinu koristi u proizvodnji reciklirani polipropilen. Podmeta\u010di Buzon se i sami nakon upotrebe mogu 100%reciklirati.<\/p>\n<p>&nbsp;<\/p>\n<p>U saradnji sa Graine de vie \u200b\u200b(Seme \u017eivota), izra\u010dunan je i ekolo\u0161ki otisak. Da bi ga smanjili se pre nekoliko godina kompanija uklju\u010dila u sa\u0111enje drvec\u0301a na Madagaskaru. Danas s ponosom ka\u017eu da Buzon karakteri\u0161e neutralan otisak ugljenika.<\/p>\n<\/div><\/div><\/div><div class=\"cz_gap clr \" style=\"height: 35px\"><\/div><div id=\"cz_73272\" data-position=\"top-right\" class=\"cz_73272 cz_image clr cz_image_no_fx center_on_mobile\"><div class=\"\" ><div class=\"cz_image_in\"><div class=\"cz_main_image\"><img decoding=\"async\" width=\"400\" height=\"140\" src=\"https:\/\/www.buzoni.net\/wp-content\/uploads\/2019\/02\/logo-graine-de-vie-retina.png\" class=\"attachment-full\" alt=\"Logo graine de vie retina\" title=\"logo-graine-de-vie-retina\" srcset=\"https:\/\/www.buzoni.net\/wp-content\/uploads\/2019\/02\/logo-graine-de-vie-retina.png 400w, https:\/\/www.buzoni.net\/wp-content\/uploads\/2019\/02\/logo-graine-de-vie-retina-300x105.png 300w\" sizes=\"auto, (max-width: 400px) 100vw, 400px\" loading=\"lazy\" \/><\/div><\/div><\/div><\/div><div class=\"cz_gap clr \" style=\"height: 35px\"><\/div>[\/vc_column_inner][vc_column_inner width=&#8221;1\/2&#8243;]<a href=\"https:\/\/www.buzoni.net\/wp-content\/uploads\/2019\/02\/Pages-de-20171121-Buzon-presentation-30-years-HD-11.jpg\" data-xtra-lightbox><div id=\"cz_68332\" data-position=\"top-right\" class=\"cz_68332 cz_image clr cz_image_no_fx center_on_mobile\"><div class=\"\" ><div class=\"cz_image_in\"><div class=\"cz_main_image\"><img decoding=\"async\" width=\"1600\" height=\"900\" src=\"https:\/\/www.buzoni.net\/wp-content\/uploads\/2019\/02\/Pages-de-20171121-Buzon-presentation-30-years-HD-11.jpg\" class=\"attachment-full\" alt=\"Pages de 20171121 Buzon presentation 30 years HD 11\" srcset=\"https:\/\/www.buzoni.net\/wp-content\/uploads\/2019\/02\/Pages-de-20171121-Buzon-presentation-30-years-HD-11.jpg 1600w, https:\/\/www.buzoni.net\/wp-content\/uploads\/2019\/02\/Pages-de-20171121-Buzon-presentation-30-years-HD-11-300x169.jpg 300w, https:\/\/www.buzoni.net\/wp-content\/uploads\/2019\/02\/Pages-de-20171121-Buzon-presentation-30-years-HD-11-768x432.jpg 768w, https:\/\/www.buzoni.net\/wp-content\/uploads\/2019\/02\/Pages-de-20171121-Buzon-presentation-30-years-HD-11-1024x576.jpg 1024w, https:\/\/www.buzoni.net\/wp-content\/uploads\/2019\/02\/Pages-de-20171121-Buzon-presentation-30-years-HD-11-600x337.jpg 600w\" sizes=\"auto, (max-width: 1600px) 100vw, 1600px\" loading=\"lazy\" \/><\/div><\/div><\/div><\/div><\/a>[\/vc_column_inner][\/vc_row_inner][\/vc_column][\/vc_row][vc_row full_width=&#8221;stretch_row&#8221; css=&#8221;.vc_custom_1550845118256{padding-top: 60px !important;padding-bottom: 60px !important;background-color: #feb021 !important;}&#8221;][vc_column offset=&#8221;vc_col-lg-8&#8243;]<div id=\"cz_82624\" class=\"cz_82624 cz_title clr cz_mobile_text_center cz_title_has_icon cz_title_pos_inline\"><div class=\"cz_title_content\"><i class=\"cz_title_icon_before fa fa-building-o\"><\/i><div class=\"cz_wpe_content\"><h3 style=\"line-height: 1.4;\"><span style=\"font-size: 34px;\">Pokrenimo va\u0161 projekat zajedno<\/span><\/h3>\n<p>Podelite sa nama va\u0161e ideje da zajedno prona\u0111emo pravo re\u0161enje<\/p>\n<\/div><\/div><\/div>[\/vc_column][vc_column offset=&#8221;vc_col-lg-4&#8243;]<div class=\"cz_gap clr \" style=\"height: 25px\"><\/div><div class=\"cz_btn_right cz_mobile_btn_center\"><div class=\"cz_53903_p\"><a id=\"cz_53903\" class=\"cz_53903 cz_btn cz_btn_txt_no_fx cz_btn_no_fx cz_btn_icon_after\" href=\"\/kontakt\/\"><span><strong>Zapo\u010dnimo odmah<\/strong><i class=\"fa fa-angle-double-right\"><\/i><\/span><b class=\"cz_btn_onhover\"><strong>Zapo\u010dnimo odmah<\/strong><i class=\"fa fa-angle-double-right\"><\/i><\/b><\/a><\/div><\/div><div class=\"clr\"><\/div>[\/vc_column][\/vc_row]\n<\/div>","protected":false},"excerpt":{"rendered":"<p>[vc_row full_width=&#8221;stretch_row&#8221; &#8230; <\/p>\n","protected":false},"author":1,"featured_media":0,"parent":0,"menu_order":0,"comment_status":"closed","ping_status":"closed","template":"","meta":{"footnotes":""},"class_list":["post-3573","page","type-page","status-publish","hentry"],"yoast_head":"<!-- This site is optimized with the Yoast SEO plugin v27.3 - https:\/\/yoast.com\/product\/yoast-seo-wordpress\/ -->\n<title>O Buzonu - Buzon Slovenija<\/title>\n<meta name=\"robots\" content=\"index, follow, max-snippet:-1, max-image-preview:large, max-video-preview:-1\" \/>\n<link rel=\"canonical\" href=\"https:\/\/www.buzoni.net\/sr\/o-buzonu\/\" \/>\n<meta property=\"og:locale\" content=\"sr_RS\" \/>\n<meta property=\"og:type\" content=\"article\" \/>\n<meta property=\"og:title\" content=\"O Buzonu - Buzon Slovenija\" \/>\n<meta property=\"og:description\" content=\"[vc_row full_width=&#8221;stretch_row&#8221; ...\" \/>\n<meta property=\"og:url\" content=\"https:\/\/www.buzoni.net\/sr\/o-buzonu\/\" \/>\n<meta property=\"og:site_name\" content=\"Buzon Slovenija\" \/>\n<meta property=\"article:modified_time\" content=\"2022-03-12T10:35:24+00:00\" \/>\n<meta name=\"twitter:card\" content=\"summary_large_image\" \/>\n<meta name=\"twitter:label1\" content=\"\u041f\u0440\u043e\u0446\u0435\u045a\u0435\u043d\u043e \u0432\u0440\u0435\u043c\u0435 \u0447\u0438\u0442\u0430\u045a\u0430\" \/>\n\t<meta name=\"twitter:data1\" content=\"3 \u043c\u0438\u043d\u0443\u0442\u0430\" \/>\n<script type=\"application\/ld+json\" class=\"yoast-schema-graph\">{\"@context\":\"https:\\\/\\\/schema.org\",\"@graph\":[{\"@type\":\"WebPage\",\"@id\":\"https:\\\/\\\/www.buzoni.net\\\/sr\\\/o-buzonu\\\/\",\"url\":\"https:\\\/\\\/www.buzoni.net\\\/sr\\\/o-buzonu\\\/\",\"name\":\"O Buzonu - Buzon Slovenija\",\"isPartOf\":{\"@id\":\"https:\\\/\\\/www.buzoni.net\\\/sr\\\/#website\"},\"datePublished\":\"2019-02-12T10:54:14+00:00\",\"dateModified\":\"2022-03-12T10:35:24+00:00\",\"breadcrumb\":{\"@id\":\"https:\\\/\\\/www.buzoni.net\\\/sr\\\/o-buzonu\\\/#breadcrumb\"},\"inLanguage\":\"sr-RS\",\"potentialAction\":[{\"@type\":\"ReadAction\",\"target\":[\"https:\\\/\\\/www.buzoni.net\\\/sr\\\/o-buzonu\\\/\"]}]},{\"@type\":\"BreadcrumbList\",\"@id\":\"https:\\\/\\\/www.buzoni.net\\\/sr\\\/o-buzonu\\\/#breadcrumb\",\"itemListElement\":[{\"@type\":\"ListItem\",\"position\":1,\"name\":\"Home\",\"item\":\"https:\\\/\\\/www.buzoni.net\\\/sr\\\/\"},{\"@type\":\"ListItem\",\"position\":2,\"name\":\"O Buzonu\"}]},{\"@type\":\"WebSite\",\"@id\":\"https:\\\/\\\/www.buzoni.net\\\/sr\\\/#website\",\"url\":\"https:\\\/\\\/www.buzoni.net\\\/sr\\\/\",\"name\":\"Buzon Slovenija\",\"description\":\"Najbolj napreden in u\u010dinkovit sistem podstavkov za terase in dvignjene pode\",\"potentialAction\":[{\"@type\":\"SearchAction\",\"target\":{\"@type\":\"EntryPoint\",\"urlTemplate\":\"https:\\\/\\\/www.buzoni.net\\\/sr\\\/?s={search_term_string}\"},\"query-input\":{\"@type\":\"PropertyValueSpecification\",\"valueRequired\":true,\"valueName\":\"search_term_string\"}}],\"inLanguage\":\"sr-RS\"}]}<\/script>\n<!-- \/ Yoast SEO plugin. -->","yoast_head_json":{"title":"O Buzonu - Buzon Slovenija","robots":{"index":"index","follow":"follow","max-snippet":"max-snippet:-1","max-image-preview":"max-image-preview:large","max-video-preview":"max-video-preview:-1"},"canonical":"https:\/\/www.buzoni.net\/sr\/o-buzonu\/","og_locale":"sr_RS","og_type":"article","og_title":"O Buzonu - Buzon Slovenija","og_description":"[vc_row full_width=&#8221;stretch_row&#8221; ...","og_url":"https:\/\/www.buzoni.net\/sr\/o-buzonu\/","og_site_name":"Buzon Slovenija","article_modified_time":"2022-03-12T10:35:24+00:00","twitter_card":"summary_large_image","twitter_misc":{"\u041f\u0440\u043e\u0446\u0435\u045a\u0435\u043d\u043e \u0432\u0440\u0435\u043c\u0435 \u0447\u0438\u0442\u0430\u045a\u0430":"3 \u043c\u0438\u043d\u0443\u0442\u0430"},"schema":{"@context":"https:\/\/schema.org","@graph":[{"@type":"WebPage","@id":"https:\/\/www.buzoni.net\/sr\/o-buzonu\/","url":"https:\/\/www.buzoni.net\/sr\/o-buzonu\/","name":"O Buzonu - Buzon Slovenija","isPartOf":{"@id":"https:\/\/www.buzoni.net\/sr\/#website"},"datePublished":"2019-02-12T10:54:14+00:00","dateModified":"2022-03-12T10:35:24+00:00","breadcrumb":{"@id":"https:\/\/www.buzoni.net\/sr\/o-buzonu\/#breadcrumb"},"inLanguage":"sr-RS","potentialAction":[{"@type":"ReadAction","target":["https:\/\/www.buzoni.net\/sr\/o-buzonu\/"]}]},{"@type":"BreadcrumbList","@id":"https:\/\/www.buzoni.net\/sr\/o-buzonu\/#breadcrumb","itemListElement":[{"@type":"ListItem","position":1,"name":"Home","item":"https:\/\/www.buzoni.net\/sr\/"},{"@type":"ListItem","position":2,"name":"O Buzonu"}]},{"@type":"WebSite","@id":"https:\/\/www.buzoni.net\/sr\/#website","url":"https:\/\/www.buzoni.net\/sr\/","name":"Buzon Slovenija","description":"Najbolj napreden in u\u010dinkovit sistem podstavkov za terase in dvignjene pode","potentialAction":[{"@type":"SearchAction","target":{"@type":"EntryPoint","urlTemplate":"https:\/\/www.buzoni.net\/sr\/?s={search_term_string}"},"query-input":{"@type":"PropertyValueSpecification","valueRequired":true,"valueName":"search_term_string"}}],"inLanguage":"sr-RS"}]}},"_links":{"self":[{"href":"https:\/\/www.buzoni.net\/sr\/wp-json\/wp\/v2\/pages\/3573","targetHints":{"allow":["GET"]}}],"collection":[{"href":"https:\/\/www.buzoni.net\/sr\/wp-json\/wp\/v2\/pages"}],"about":[{"href":"https:\/\/www.buzoni.net\/sr\/wp-json\/wp\/v2\/types\/page"}],"author":[{"embeddable":true,"href":"https:\/\/www.buzoni.net\/sr\/wp-json\/wp\/v2\/users\/1"}],"replies":[{"embeddable":true,"href":"https:\/\/www.buzoni.net\/sr\/wp-json\/wp\/v2\/comments?post=3573"}],"version-history":[{"count":13,"href":"https:\/\/www.buzoni.net\/sr\/wp-json\/wp\/v2\/pages\/3573\/revisions"}],"predecessor-version":[{"id":4701,"href":"https:\/\/www.buzoni.net\/sr\/wp-json\/wp\/v2\/pages\/3573\/revisions\/4701"}],"wp:attachment":[{"href":"https:\/\/www.buzoni.net\/sr\/wp-json\/wp\/v2\/media?parent=3573"}],"curies":[{"name":"wp","href":"https:\/\/api.w.org\/{rel}","templated":true}]}}